{"id":5,"date":"2023-04-06T13:00:41","date_gmt":"2023-04-06T13:00:41","guid":{"rendered":"http:\/\/zdrowarodzina.projektymcpspabianice.pl\/?page_id=5"},"modified":"2024-09-17T10:00:04","modified_gmt":"2024-09-17T10:00:04","slug":"o-projekcie","status":"publish","type":"page","link":"http:\/\/zdrowarodzina.projektymcpspabianice.pl\/","title":{"rendered":"O projekcie"},"content":{"rendered":"\n<p>Miasto Pabianice\/Miejskie Centrum Pomocy Spo\u0142ecznej w Pabianicach realizuje projekt pod tytu\u0142em \u201eZdrowa rodzina\u201d (projektu nr&nbsp;FELD.07.12-IP.01-0059\/23)<\/p>\n\n\n\n<p>Przewidywany czas realizacji projektu okre\u015blony zosta\u0142 od 01.05.2024 do 30.06.2027.<\/p>\n\n\n\n<p>Projekt \u201eZdrowa rodzina\u201d wpisuje si\u0119 w dzia\u0142ania Miejskiego Centrum Pomocy Spo\u0142ecznej w&nbsp;Pabianicach na rzecz rodzin z problemami opieku\u0144czo-wychowawczymi.<\/p>\n\n\n\n<p>W ramach projektu wsparcie otrzyma \u0142\u0105cznie 275 uczestnik\u00f3w obj\u0119tych wsparciem Miejskiego Centrum Pomocy Spo\u0142ecznej w Pabianicach zagro\u017conych ub\u00f3stwem i wykluczeniem spo\u0142ecznym z&nbsp;terenu Miasta Pabianic. Projekt pomoc\u0105 obejmie 50 rodzin prze\u017cywaj\u0105cych trudno\u015bci w&nbsp;wype\u0142nianiu roli rodzic\u00f3w oraz 50 dzieci z Plac\u00f3wki Wsparcia Dziennego \u201eJUNIOR\u201d.<\/p>\n\n\n\n<p>G\u0142\u00f3wnym celem projektu jest:<\/p>\n\n\n\n<p>-poprawa funkcjonalno\u015bci 50 rodzin biologicznych oraz zwi\u0119kszenie szans na pozostanie w nich dzieci poprzez obj\u0119cie tych rodzin zindywidualizowanym pakietem us\u0142ug prewencyjno-wspieraj\u0105cych oferowanych przez MCPS,<\/p>\n\n\n\n<p>&#8211; rozszerzenie dzia\u0142a\u0144 spo\u0142ecznych, edukacyjnych, profilaktycznych i zdrowotnych PWD  \u201eJUNIOR\u201d.<\/p>\n\n\n\n<p>Na podstawie diagnozy oraz wywiad\u00f3w pracownicy socjalni, asystentami rodziny i cz\u0142onkowie rodzin opracuj\u0105 plan pracy uwzgl\u0119dniaj\u0105cy potrzeby rodzin. Wsparcie asystent\u00f3w b\u0119dzie mia\u0142o na&nbsp;celu doprowadzenia do stabilizacji rodziny oraz&nbsp;nie dopuszczenia do umieszczenia dzieci w &nbsp;systemie pieczy zast\u0119pczej (lub jak najszybszego powrotu dzieci do rodzin).<\/p>\n\n\n\n<p>Praca asystent\u00f3w rodziny b\u0119dzie kompleksowa i obejmie m. in. motywowanie doros\u0142ych cz\u0142onk\u00f3w rodziny do aktywno\u015bci spo\u0142ecznej, uzupe\u0142niania kwalifikacji oraz&nbsp;podejmowania pracy. Asystenci rodziny poprowadz\u0105 treningi podnosz\u0105ce kompetencje rodzic\u00f3w w obszarze dzia\u0142a\u0144 edukacyjnych, profilaktycznych, pedagogicznych.<\/p>\n\n\n\n<p>Cz\u0142onkowie rodzin obj\u0119ci zostan\u0105 kompleksow\u0105 pomoc\u0105 specjalist\u00f3w (psychologa, pedagoga, specjalist\u0119 ds. rodziny logopedy, prawnika, terapeuty uzale\u017cnie\u0144) w formie konsultacji dostosowanych do indywidualnych potrzeb. Dodatkowo prowadzone b\u0119d\u0105 spotkania przez&nbsp;specjalist\u00f3w poszerzaj\u0105ce kompetencje rodzicielskie.<\/p>\n\n\n\n<p>Zorganizowane zostan\u0105 cztery (raz na rok) dziewi\u0119ciodniowe wyjazdy warsztatowe dla ca\u0142ych rodzin.<\/p>\n\n\n\n<p>Plac\u00f3wka Wsparcia Dziennego \u201eJUNIOR\u201d b\u0119dzie mai\u0142a za zadanie rozwijanie kompetencji swoich podopiecznych \u2013 50&nbsp;dzieci z rodzin wieloproblemowych. Kadra PWD zapewni wsparcie terapeutyczne, psychologiczne i socjoterapeutyczne, b\u0119dzie rozwija\u0107 kompetencje spo\u0142eczne i&nbsp;emocjonalne, wspiera\u0107 rozw\u00f3j fizyczny, zainteresowania dzieci oraz pomaga\u0107 dzieciom w nauce i&nbsp;odrabianiu lekcji,<\/p>\n\n\n\n<p>Dodatkowo w projekcie zaplanowano stacjonarne warsztaty feryjne i wakacyjne dla uczestnik\u00f3w PDW \u201eJUNIOR\u201d (dwa pi\u0119ciodniowe zaj\u0119cia w okresie wakacji, jedne pi\u0119ciodniowe zaj\u0119cia w okresie ferii zimowych). Warsztaty te maj\u0105 wspiera\u0107 szeroko rozumiany rozw\u00f3j dzieci. W ka\u017cde wakacje zorganizowany zostanie dziewi\u0119ciodniowy wyjazd warsztatowy.<\/p>\n\n\n\n<p>Ca\u0142kowity koszt realizacji projektu wynosi: 4 670 077,84 (s\u0142ownie z\u0142otych: cztery miliony sze\u015b\u0107set siedemdziesi\u0105t tysi\u0119cy siedemdziesi\u0105t siedem 84\/100). Dofinansowanie ze\u00a0\u015brodk\u00f3w Europejskiego Funduszu Spo\u0142ecznego Plus w ramach programu Fundusze Europejskie dla\u00a0\u0141\u00f3dzkiego 2021-2027 w\u00a0kwocie 4\u00a0436 573,95\u00a0z\u0142 (s\u0142ownie z\u0142otych: cztery miliony czterysta trzydzie\u015bci sze\u015b\u0107 tysi\u0119cy pi\u0119\u0107set siedemdziesi\u0105t trzy 95\/100). Wk\u0142ad w\u0142asny stanowi cz\u0119\u015b\u0107 wynagrodzenia wyp\u0142acanego pracownikom PWD  \u201eJUNIOR\u201d w\u00a0wysoko\u015bci\u00a0233 503,89 z\u0142 (s\u0142ownie z\u0142otych: dwie\u015bcie trzydzie\u015bci trzy tysi\u0105ce pi\u0119\u0107set trzy 89\/100). \u015arodki te b\u0119d\u0105 zabezpieczone w\u00a0bud\u017cecie Miejskiego Centrum Pomocy Spo\u0142ecznej w\u00a0Pabianicach.<\/p>\n\n\n\n<p>#FunduszeEuropejskie<br>#FunduszeUE\u00a0<br>#FE\u0141<\/p>\n","protected":false},"excerpt":{"rendered":"<p>Miasto Pabianice\/Miejskie Centrum Pomocy Spo\u0142ecznej w Pabianicach realizuje projekt pod tytu\u0142em \u201eZdrowa rodzina\u201d (projektu nr&nbsp;FELD.07.12-IP.01-0059\/23) Przewidywany czas realizacji projektu okre\u015blony zosta\u0142 od 01.05.2024 do 30.06.2027. Projekt \u201eZdrowa rodzina\u201d wpisuje si\u0119 w dzia\u0142ania Miejskiego Centrum Pomocy Spo\u0142ecznej w&nbsp;Pabianicach na rzecz rodzin z problemami opieku\u0144czo-wychowawczymi. W ramach projektu wsparcie otrzyma \u0142\u0105cznie 275 uczestnik\u00f3w obj\u0119tych wsparciem Miejskiego Centrum &hellip; <\/p>\n<p class=\"link-more\"><a href=\"http:\/\/zdrowarodzina.projektymcpspabianice.pl\/\" class=\"more-link\">Czytaj dalej<span class=\"screen-reader-text\"> \u201eO projekcie\u201d<\/span><\/a><\/p>\n","protected":false},"author":1,"featured_media":0,"parent":0,"menu_order":0,"comment_status":"closed","ping_status":"closed","template":"","meta":[],"_links":{"self":[{"href":"http:\/\/zdrowarodzina.projektymcpspabianice.pl\/index.php\/wp-json\/wp\/v2\/pages\/5"}],"collection":[{"href":"http:\/\/zdrowarodzina.projektymcpspabianice.pl\/index.php\/wp-json\/wp\/v2\/pages"}],"about":[{"href":"http:\/\/zdrowarodzina.projektymcpspabianice.pl\/index.php\/wp-json\/wp\/v2\/types\/page"}],"author":[{"embeddable":true,"href":"http:\/\/zdrowarodzina.projektymcpspabianice.pl\/index.php\/wp-json\/wp\/v2\/users\/1"}],"replies":[{"embeddable":true,"href":"http:\/\/zdrowarodzina.projektymcpspabianice.pl\/index.php\/wp-json\/wp\/v2\/comments?post=5"}],"version-history":[{"count":9,"href":"http:\/\/zdrowarodzina.projektymcpspabianice.pl\/index.php\/wp-json\/wp\/v2\/pages\/5\/revisions"}],"predecessor-version":[{"id":76,"href":"http:\/\/zdrowarodzina.projektymcpspabianice.pl\/index.php\/wp-json\/wp\/v2\/pages\/5\/revisions\/76"}],"wp:attachment":[{"href":"http:\/\/zdrowarodzina.projektymcpspabianice.pl\/index.php\/wp-json\/wp\/v2\/media?parent=5"}],"curies":[{"name":"wp","href":"https:\/\/api.w.org\/{rel}","templated":true}]}}